{"id":31,"date":"2024-01-27T11:28:14","date_gmt":"2024-01-27T10:28:14","guid":{"rendered":"http:\/\/www.blanche-pivoine.com\/?page_id=31"},"modified":"2024-03-20T14:55:45","modified_gmt":"2024-03-20T13:55:45","slug":"les-bons-cadeaux","status":"publish","type":"page","link":"http:\/\/www.blanche-pivoine.com\/index.php\/les-bons-cadeaux\/","title":{"rendered":"Les bons cadeaux"},"content":{"rendered":"\n<figure class=\"wp-block-gallery aligncenter has-nested-images columns-default is-cropped wp-block-gallery-1 is-layout-flex wp-block-gallery-is-layout-flex\"><div class=\"wp-block-image is-style-default\">\n<figure class=\"aligncenter size-full\"><img loading=\"lazy\" decoding=\"async\" width=\"189\" height=\"189\" data-id=\"269\" src=\"http:\/\/www.blanche-pivoine.com\/wp-content\/uploads\/2024\/03\/2023-Blanche-Pivoine-Le-Bon-cadeau-SPECIMEN-1.jpg\" alt=\"\" class=\"wp-image-269\" srcset=\"http:\/\/www.blanche-pivoine.com\/wp-content\/uploads\/2024\/03\/2023-Blanche-Pivoine-Le-Bon-cadeau-SPECIMEN-1.jpg 189w, http:\/\/www.blanche-pivoine.com\/wp-content\/uploads\/2024\/03\/2023-Blanche-Pivoine-Le-Bon-cadeau-SPECIMEN-1-150x150.jpg 150w, http:\/\/www.blanche-pivoine.com\/wp-content\/uploads\/2024\/03\/2023-Blanche-Pivoine-Le-Bon-cadeau-SPECIMEN-1-60x60.jpg 60w\" sizes=\"auto, (max-width: 189px) 100vw, 189px\" \/><\/figure>\n<\/div><\/figure>\n\n\n\n<div class=\"wp-block-group is-vertical is-content-justification-center is-layout-flex wp-container-core-group-is-layout-4b2eccd6 wp-block-group-is-layout-flex\">\n<p>Bon cadeau valable 6 mois \u00e0 date d\u2019achat.<\/p>\n\n\n\n<p>Je vous propose ce bon sur papier cartonn\u00e9 de qualit\u00e9 ou en num\u00e9rique.<\/p>\n\n\n\n<p><strong>Tarif :<\/strong> 65\u20ac pour une s\u00e9ance de 1h30 (bilan <strong>ET<\/strong> d\u00e9couverte massage tuina et\/ou moxibustion)<\/p>\n\n\n\n<p>Envoi par la poste possible en France avec frais d\u2019envoi en plus (me contacter).<\/p>\n<\/div>\n","protected":false},"excerpt":{"rendered":"<p>Bon cadeau valable 6 mois \u00e0 date d\u2019achat. Je vous propose ce bon sur papier cartonn\u00e9 de qualit\u00e9 ou en num\u00e9rique. Tarif : 65\u20ac pour une s\u00e9ance de 1h30 (bilan &hellip; <\/p>\n","protected":false},"author":1,"featured_media":0,"parent":0,"menu_order":0,"comment_status":"closed","ping_status":"closed","template":"","meta":{"footnotes":""},"class_list":["post-31","page","type-page","status-publish","hentry"],"_links":{"self":[{"href":"http:\/\/www.blanche-pivoine.com\/index.php\/wp-json\/wp\/v2\/pages\/31","targetHints":{"allow":["GET"]}}],"collection":[{"href":"http:\/\/www.blanche-pivoine.com\/index.php\/wp-json\/wp\/v2\/pages"}],"about":[{"href":"http:\/\/www.blanche-pivoine.com\/index.php\/wp-json\/wp\/v2\/types\/page"}],"author":[{"embeddable":true,"href":"http:\/\/www.blanche-pivoine.com\/index.php\/wp-json\/wp\/v2\/users\/1"}],"replies":[{"embeddable":true,"href":"http:\/\/www.blanche-pivoine.com\/index.php\/wp-json\/wp\/v2\/comments?post=31"}],"version-history":[{"count":4,"href":"http:\/\/www.blanche-pivoine.com\/index.php\/wp-json\/wp\/v2\/pages\/31\/revisions"}],"predecessor-version":[{"id":270,"href":"http:\/\/www.blanche-pivoine.com\/index.php\/wp-json\/wp\/v2\/pages\/31\/revisions\/270"}],"wp:attachment":[{"href":"http:\/\/www.blanche-pivoine.com\/index.php\/wp-json\/wp\/v2\/media?parent=31"}],"curies":[{"name":"wp","href":"https:\/\/api.w.org\/{rel}","templated":true}]}}