{"id":27,"date":"2024-01-27T11:27:13","date_gmt":"2024-01-27T10:27:13","guid":{"rendered":"http:\/\/www.blanche-pivoine.com\/?page_id=27"},"modified":"2024-03-21T09:42:41","modified_gmt":"2024-03-21T08:42:41","slug":"comment-se-deroule-une-seance","status":"publish","type":"page","link":"http:\/\/www.blanche-pivoine.com\/index.php\/comment-se-deroule-une-seance\/","title":{"rendered":"Comment se d\u00e9roule une s\u00e9ance ?"},"content":{"rendered":"\n<p><span id=\"docs-internal-guid-c526d97d-7fff-123b-829d-2881ff47d4ca\"><p dir=\"ltr\" style=\"line-height:1.38;margin-top:0pt;margin-bottom:0pt;\"><\/p><p dir=\"ltr\" style=\"line-height:1.38;margin-top:0pt;margin-bottom:0pt;\"><\/p><div><span style=\"font-size: 11pt; font-family: Arial, sans-serif; background-color: transparent; font-variant-numeric: normal; font-variant-east-asian: normal; font-variant-alternates: normal; font-variant-position: normal; vertical-align: baseline;\"><\/span><\/div><\/span><\/p>\n\n\n\n<p>Le d\u00e9roul\u00e9 d\u2019une premi\u00e8re s\u00e9ance :<\/p>\n\n\n\n<p>      1\/ <strong>Un bilan \u00e9nerg\u00e9tique<\/strong>*<\/p>\n\n\n\n<ul class=\"wp-block-list\">\n<li><strong>En vous \u00e9coutant<\/strong> : <em><mark style=\"background-color:rgba(0, 0, 0, 0)\" class=\"has-inline-color has-cyan-bluish-gray-color\">Pour bien comprendre le motif de votre venue<\/mark><\/em><\/li>\n\n\n\n<li><strong>En prenant votre pouls et en regardant votre langue <\/strong>: <mark style=\"background-color:rgba(0, 0, 0, 0)\" class=\"has-inline-color has-cyan-bluish-gray-color\">P<em>our me donner des indications sur l\u2019\u00e9nergie de votre corps<\/em><\/mark><\/li>\n\n\n\n<li><strong>En vous posant des questions sur votre quotidien<\/strong>&nbsp;: <em><mark style=\"background-color:rgba(0, 0, 0, 0)\" class=\"has-inline-color has-cyan-bluish-gray-color\">Pour comprendre les m\u00e9canismes qui sont en cause dans vos d\u00e9s\u00e9quilibres<\/mark><\/em><\/li>\n<\/ul>\n\n\n\n<p>      2\/ <strong>Un massage <\/strong><a href=\"http:\/\/www.blanche-pivoine.com\/index.php\/le-massage-tuina\/\"><strong>Tuina<\/strong> <\/a>(suivant les raisons de votre venue) :&nbsp;<\/p>\n\n\n\n<ul class=\"wp-block-list\">\n<li>Du dos ou<\/li>\n\n\n\n<li>D\u2019une zone en particulier ou<\/li>\n\n\n\n<li>D\u2019un m\u00e9ridien cibl\u00e9<\/li>\n<\/ul>\n\n\n\n<p><em><mark style=\"background-color:rgba(0, 0, 0, 0)\" class=\"has-inline-color has-cyan-bluish-gray-color\">Pour me donner de nouvelles indications, confirmer mon bilan tout en r\u00e9duisant votre inconfort<\/mark><\/em><\/p>\n\n\n\n<p>     3\/ <strong>Pratique d\u2019autres techniques<\/strong>, <mark style=\"background-color:rgba(0, 0, 0, 0)\" class=\"has-inline-color has-cyan-bluish-gray-color\">comme la <a href=\"http:\/\/www.blanche-pivoine.com\/index.php\/la-moxibustion\/\">moxibustion<\/a> ou le <a href=\"http:\/\/www.blanche-pivoine.com\/index.php\/la-guasha\/\">guasha<\/a> par exemple p<em>our agir sur votre inconfort<\/em>&nbsp;<\/mark><\/p>\n\n\n\n<p>     4\/ <strong>Un rapide bilan final <\/strong>: <em><mark style=\"background-color:rgba(0, 0, 0, 0)\" class=\"has-inline-color has-cyan-bluish-gray-color\">Pour \u00e9changer sur vos ressentis, vous donner des <a href=\"http:\/\/www.blanche-pivoine.com\/index.php\/la-dietetique-chinoise\/\">conseils di\u00e9t\u00e9tiques<\/a> ou des id\u00e9es&nbsp;d\u2019habitudes saines personnalis\u00e9es, reprendre un rdv ensemble si besoin<\/mark><\/em><\/p>\n\n\n\n<p>Pour plus d\u2019informations sur les techniques employ\u00e9es, vous pouvez vous r\u00e9f\u00e9rer aux pages consacr\u00e9es \u00e0 l\u2019\u00e9nerg\u00e9tique chinoise sur ce site.<\/p>\n\n\n\n<p>* <mark style=\"background-color:rgba(0, 0, 0, 0)\" class=\"has-inline-color has-pale-pink-color\">Cette s\u00e9ance ne se substitue pas \u00e0 un rendez vous chez votre m\u00e9decin traitant. Il est important d&rsquo;\u00e9carter des probl\u00e8mes de sant\u00e9 avec votre m\u00e9decin traitant qui lui seul est apte \u00e0 vous donner une m\u00e9dication et des soins adapt\u00e9s \u00e0 votre pathologie si tant est qu&rsquo;il y en ait une.<\/mark><\/p>\n","protected":false},"excerpt":{"rendered":"<p>Le d\u00e9roul\u00e9 d\u2019une premi\u00e8re s\u00e9ance : 1\/ Un bilan \u00e9nerg\u00e9tique* 2\/ Un massage Tuina (suivant les raisons de votre venue) :&nbsp; Pour me donner de nouvelles indications, confirmer mon bilan &hellip; <\/p>\n","protected":false},"author":1,"featured_media":0,"parent":0,"menu_order":0,"comment_status":"closed","ping_status":"closed","template":"","meta":{"footnotes":"[]"},"class_list":["post-27","page","type-page","status-publish","hentry"],"_links":{"self":[{"href":"http:\/\/www.blanche-pivoine.com\/index.php\/wp-json\/wp\/v2\/pages\/27","targetHints":{"allow":["GET"]}}],"collection":[{"href":"http:\/\/www.blanche-pivoine.com\/index.php\/wp-json\/wp\/v2\/pages"}],"about":[{"href":"http:\/\/www.blanche-pivoine.com\/index.php\/wp-json\/wp\/v2\/types\/page"}],"author":[{"embeddable":true,"href":"http:\/\/www.blanche-pivoine.com\/index.php\/wp-json\/wp\/v2\/users\/1"}],"replies":[{"embeddable":true,"href":"http:\/\/www.blanche-pivoine.com\/index.php\/wp-json\/wp\/v2\/comments?post=27"}],"version-history":[{"count":10,"href":"http:\/\/www.blanche-pivoine.com\/index.php\/wp-json\/wp\/v2\/pages\/27\/revisions"}],"predecessor-version":[{"id":289,"href":"http:\/\/www.blanche-pivoine.com\/index.php\/wp-json\/wp\/v2\/pages\/27\/revisions\/289"}],"wp:attachment":[{"href":"http:\/\/www.blanche-pivoine.com\/index.php\/wp-json\/wp\/v2\/media?parent=27"}],"curies":[{"name":"wp","href":"https:\/\/api.w.org\/{rel}","templated":true}]}}