{"id":25,"date":"2024-01-27T11:28:34","date_gmt":"2024-01-27T10:28:34","guid":{"rendered":"http:\/\/www.blanche-pivoine.com\/?page_id=25"},"modified":"2024-03-21T09:46:55","modified_gmt":"2024-03-21T08:46:55","slug":"pourquoi-consulter-chez-blanche-pivoine","status":"publish","type":"page","link":"http:\/\/www.blanche-pivoine.com\/index.php\/pourquoi-consulter-chez-blanche-pivoine\/","title":{"rendered":"Pourquoi consulter chez Blanche Pivoine ?"},"content":{"rendered":"\n<p>Notre corps est extraordinaire et sait accomplir \u00e9norm\u00e9ment de choses seul si tant est qu\u2019on lui donne un coup de pouce par moment (du repos, une m\u00e9dication*, une alimentation adapt\u00e9e, des s\u00e9ances d\u2019\u00e9nerg\u00e9tique chinoise notamment).<\/p>\n\n\n\n<p>Tout le fondement de l\u2019\u00e9nerg\u00e9tique chinoise est de donner les cl\u00e9s au corps pour que, face \u00e0 un d\u00e9s\u00e9quilibre impr\u00e9vu (surmenage, alimentation riche, exc\u00e8s d\u2019\u00e9motion, etc\u2026), notre corps sache y faire face tout seul.<\/p>\n\n\n\n<p>Comme expliqu\u00e9 plus haut, le corps a parfois besoin d\u2019un coup de pouce car le d\u00e9s\u00e9quilibre perdure ou s\u2019installe.<\/p>\n\n\n\n<p>Ainsi, peuvent appara\u00eetre, par exemple* :\u00a0<\/p>\n\n\n\n<ul class=\"wp-block-list\">\n<li>Des douleurs articulaires, parfois accentu\u00e9es aux climats humides, froids ou chauds ;<\/li>\n\n\n\n<li>Des probl\u00e8mes digestifs r\u00e9currents : difficult\u00e9 \u00e0 dig\u00e9rer certains aliments, probl\u00e8mes de transit, selles molles r\u00e9guli\u00e8res ;<\/li>\n\n\n\n<li>Des difficult\u00e9s au sommeil : \u00e0 l\u2019endormissement, r\u00e9veils nocturnes, hypersomnie ;<\/li>\n\n\n\n<li>Des exc\u00e8s de sentiments : tristesse prolong\u00e9e, ruminations excessives, col\u00e8re exacerb\u00e9e, esprit embrum\u00e9, angoisses, etc\u2026&nbsp;<\/li>\n<\/ul>\n\n\n\n<p>Et comme vous \u00eates le\/la principal(e) acteur\/actrice dans votre bien \u00eatre, je vous donnerai donc des conseils d\u2019entretien de la Vitalit\u00e9 adapt\u00e9s \u00e0 votre terrain et vos d\u00e9s\u00e9quilibres. Vous pourrez ainsi mettre en place des habitudes simples et saines au quotidien.<\/p>\n\n\n\n<p>*<mark style=\"background-color:rgba(0, 0, 0, 0)\" class=\"has-inline-color has-pale-pink-color\">Une s\u00e9ance d&rsquo;\u00e9nerg\u00e9tique chinoise ne se substitue pas \u00e0 un rendez vous chez votre m\u00e9decin traitant. Il est important d\u2019\u00e9carter des probl\u00e8mes de sant\u00e9 avec votre m\u00e9decin traitant qui lui seul est apte \u00e0 vous donner une m\u00e9dication et des soins adapt\u00e9s \u00e0 votre pathologie si tant est qu\u2019il y en ait une.<\/mark><\/p>\n","protected":false},"excerpt":{"rendered":"<p>Notre corps est extraordinaire et sait accomplir \u00e9norm\u00e9ment de choses seul si tant est qu\u2019on lui donne un coup de pouce par moment (du repos, une m\u00e9dication*, une alimentation adapt\u00e9e, &hellip; <\/p>\n","protected":false},"author":1,"featured_media":0,"parent":0,"menu_order":0,"comment_status":"closed","ping_status":"closed","template":"","meta":{"footnotes":""},"class_list":["post-25","page","type-page","status-publish","hentry"],"_links":{"self":[{"href":"http:\/\/www.blanche-pivoine.com\/index.php\/wp-json\/wp\/v2\/pages\/25","targetHints":{"allow":["GET"]}}],"collection":[{"href":"http:\/\/www.blanche-pivoine.com\/index.php\/wp-json\/wp\/v2\/pages"}],"about":[{"href":"http:\/\/www.blanche-pivoine.com\/index.php\/wp-json\/wp\/v2\/types\/page"}],"author":[{"embeddable":true,"href":"http:\/\/www.blanche-pivoine.com\/index.php\/wp-json\/wp\/v2\/users\/1"}],"replies":[{"embeddable":true,"href":"http:\/\/www.blanche-pivoine.com\/index.php\/wp-json\/wp\/v2\/comments?post=25"}],"version-history":[{"count":4,"href":"http:\/\/www.blanche-pivoine.com\/index.php\/wp-json\/wp\/v2\/pages\/25\/revisions"}],"predecessor-version":[{"id":293,"href":"http:\/\/www.blanche-pivoine.com\/index.php\/wp-json\/wp\/v2\/pages\/25\/revisions\/293"}],"wp:attachment":[{"href":"http:\/\/www.blanche-pivoine.com\/index.php\/wp-json\/wp\/v2\/media?parent=25"}],"curies":[{"name":"wp","href":"https:\/\/api.w.org\/{rel}","templated":true}]}}