{"id":22,"date":"2024-01-27T11:28:24","date_gmt":"2024-01-27T10:28:24","guid":{"rendered":"http:\/\/www.blanche-pivoine.com\/?page_id=22"},"modified":"2024-03-21T09:38:40","modified_gmt":"2024-03-21T08:38:40","slug":"pour-vous-le-cabinet-blanche-pivoine","status":"publish","type":"page","link":"http:\/\/www.blanche-pivoine.com\/index.php\/pour-vous-le-cabinet-blanche-pivoine\/","title":{"rendered":"A propos &#8211; le cabinet \u00ab\u00a0Blanche-Pivoine\u00a0\u00bb"},"content":{"rendered":"\n<p>Blanche Pivoine vous aide \u00e0 retrouver le chemin de la vitalit\u00e9 dans les \u00e9preuves et inconforts que la Vie apporte.<\/p>\n\n\n\n<p><strong>Qui suis-je ?<\/strong><\/p>\n\n\n\n<p>Derri\u00e8re \u201cBlanche Pivoine\u201d c\u2019est moi, Adeline Laget, maman de 2 enfants, ancienne salari\u00e9e dans l\u2019industrie, reconvertie.\u00a0<\/p>\n\n\n\n<p>Ecras\u00e9e par les rituels que je souhaitais mettre en place dans ma Vie, j\u2019ai compris la pression que j\u2019avais sur les \u00e9paules pour atteindre des objectifs qui n\u2019\u00e9taient pas forc\u00e9ment les miens et qui me faisaient culpabiliser. J\u2019ai voulu renouer avec ce r\u00eave d\u2019adolescente d\u2019aider les hommes et femmes \u00e0 retrouver le chemin de la vitalit\u00e9 avec l&rsquo;approche de la m\u00e9decine traditionnelle chinoise.<\/p>\n\n\n\n<p>Aujourd\u2019hui, je suis align\u00e9e, consciente que les bonnes habitudes \u00e0 mettre en place dans sa Vie sont d\u00e9j\u00e0 celles que l\u2019on comprend, que l\u2019on exp\u00e9rimente et que l\u2019on adopte par CHOIX.&nbsp;<\/p>\n\n\n\n<p>Le mieux est l\u2019ennemi du bien\u2026 J\u2019ai \u00e0 c\u0153ur de vous aider \u00e0 trouver VOTRE chemin, VOS habitudes saines et \u00e0 abandonner cette culpabilit\u00e9. Vous avez les cl\u00e9s, il suffit d\u2019\u00e9clairer la bonne Voie.<\/p>\n\n\n\n<p><strong>Mon parcours<\/strong><\/p>\n\n\n\n<p>Apr\u00e8s une formation en m\u00e9ditation th\u00e9rapeutique \u00e0 l\u2019EMCQG de Sevrier, j\u2019ai poursuivi mon parcours en \u00e9tudiant la m\u00e9decine traditionnelle chinoise \u00e0 l\u2019Institut Liang Shen de Gen\u00e8ve, aupr\u00e8s de Fr\u00e9d\u00e9ric Breton, le directeur mais aussi Yannick Bizien, Abel Gl\u00e4ser, Emmanuelle Gunther, Thomas van Gelder, Vah\u00e9 Arzoumanian, Veronique Saulnier notamment.<\/p>\n\n\n\n<p>En parall\u00e8le, en l\u2019espace de 18 mois, j\u2019ai v\u00e9cu un premier deuil, quitt\u00e9 mon travail dans l\u2019industrie, cr\u00e9\u00e9 ma soci\u00e9t\u00e9, \u00e9t\u00e9 principale aidante pour un proche lors de sa maladie. J\u2019ai port\u00e9 la vie, accouch\u00e9, allait\u00e9 pendant plusieurs mois avant de vivre un deuxi\u00e8me deuil.<\/p>\n\n\n\n<p>Je connais la charge mentale qui repose sur les mamans, sur les aidants, sur les personnes qui traversent un deuil, sur les femmes enceintes, sur les \u00e9tudiants, sur les salari\u00e9s, sur les entrepreneurs\u2026<\/p>\n\n\n\n<p>En sachant \u00e9videmment que, chaque parcours, chaque corps est diff\u00e9rent.&nbsp;<\/p>\n\n\n\n<p>La m\u00e9decine traditionnelle chinoise m\u2019a accompagn\u00e9e tout au long de ces 18 mois, me permettant d\u2019\u00eatre debout, fi\u00e8re de pouvoir \u00eatre \u00e0 vos c\u00f4t\u00e9s aujourd\u2019hui pour vous accompagner dans votre vitalit\u00e9 et vos \u00e9preuves !<\/p>\n\n\n\n<p><strong>En r\u00e9sum\u00e9<\/strong><\/p>\n\n\n\n<p>La Vie nous impose des \u00e9v\u00e8nements, \u00e0 nous de prendre la d\u00e9cision de mettre l\u2019\u00e9nergie de notre c\u00f4t\u00e9 pour les affronter au mieux.<\/p>\n\n\n\n<p>Prenez la d\u00e9cision d\u2019aller mieux en me contactant. Ce sera un premier petit pas.<\/p>\n\n\n\n<p><strong>A l\u2019avenir<\/strong><\/p>\n\n\n\n<p>Bient\u00f4t des ateliers vous seront propos\u00e9s pour vous immerger dans l\u2019univers de l\u2019\u00e9nerg\u00e9tique chinoise et vous donner toujours plus de cl\u00e9s \u00e0 comprendre pour ouvrir les serrures de votre corps et de votre Esprit.<\/p>\n","protected":false},"excerpt":{"rendered":"<p>Blanche Pivoine vous aide \u00e0 retrouver le chemin de la vitalit\u00e9 dans les \u00e9preuves et inconforts que la Vie apporte. Qui suis-je ? Derri\u00e8re \u201cBlanche Pivoine\u201d c\u2019est moi, Adeline Laget, &hellip; <\/p>\n","protected":false},"author":1,"featured_media":0,"parent":0,"menu_order":0,"comment_status":"closed","ping_status":"closed","template":"","meta":{"footnotes":""},"class_list":["post-22","page","type-page","status-publish","hentry"],"_links":{"self":[{"href":"http:\/\/www.blanche-pivoine.com\/index.php\/wp-json\/wp\/v2\/pages\/22","targetHints":{"allow":["GET"]}}],"collection":[{"href":"http:\/\/www.blanche-pivoine.com\/index.php\/wp-json\/wp\/v2\/pages"}],"about":[{"href":"http:\/\/www.blanche-pivoine.com\/index.php\/wp-json\/wp\/v2\/types\/page"}],"author":[{"embeddable":true,"href":"http:\/\/www.blanche-pivoine.com\/index.php\/wp-json\/wp\/v2\/users\/1"}],"replies":[{"embeddable":true,"href":"http:\/\/www.blanche-pivoine.com\/index.php\/wp-json\/wp\/v2\/comments?post=22"}],"version-history":[{"count":5,"href":"http:\/\/www.blanche-pivoine.com\/index.php\/wp-json\/wp\/v2\/pages\/22\/revisions"}],"predecessor-version":[{"id":287,"href":"http:\/\/www.blanche-pivoine.com\/index.php\/wp-json\/wp\/v2\/pages\/22\/revisions\/287"}],"wp:attachment":[{"href":"http:\/\/www.blanche-pivoine.com\/index.php\/wp-json\/wp\/v2\/media?parent=22"}],"curies":[{"name":"wp","href":"https:\/\/api.w.org\/{rel}","templated":true}]}}