{"id":20,"date":"2024-01-27T11:27:29","date_gmt":"2024-01-27T10:27:29","guid":{"rendered":"http:\/\/www.blanche-pivoine.com\/?page_id=20"},"modified":"2024-03-21T09:57:42","modified_gmt":"2024-03-21T08:57:42","slug":"la-dietetique-chinoise","status":"publish","type":"page","link":"http:\/\/www.blanche-pivoine.com\/index.php\/la-dietetique-chinoise\/","title":{"rendered":"La di\u00e9t\u00e9tique chinoise"},"content":{"rendered":"\n<div class=\"wp-block-columns is-layout-flex wp-container-core-columns-is-layout-9d6595d7 wp-block-columns-is-layout-flex\">\n<div class=\"wp-block-column is-layout-flow wp-block-column-is-layout-flow\" style=\"flex-basis:100%\">\n<div class=\"wp-block-group\"><div class=\"wp-block-group__inner-container is-layout-constrained wp-block-group-is-layout-constrained\">\n<div class=\"wp-block-columns is-layout-flex wp-container-core-columns-is-layout-9d6595d7 wp-block-columns-is-layout-flex\">\n<div class=\"wp-block-column is-layout-flow wp-block-column-is-layout-flow\" style=\"flex-basis:100%\">\n<div class=\"wp-block-group is-nowrap is-layout-flex wp-container-core-group-is-layout-ad2f72ca wp-block-group-is-layout-flex\">\n<div class=\"wp-block-columns is-layout-flex wp-container-core-columns-is-layout-9d6595d7 wp-block-columns-is-layout-flex\">\n<div class=\"wp-block-column is-layout-flow wp-block-column-is-layout-flow\" style=\"flex-basis:100%\">\n<div class=\"wp-block-cover\"><span aria-hidden=\"true\" class=\"wp-block-cover__background has-background-dim\"><\/span><div class=\"wp-block-cover__inner-container is-layout-flow wp-block-cover-is-layout-flow\">\n<div class=\"wp-block-group\"><div class=\"wp-block-group__inner-container is-layout-constrained wp-block-group-is-layout-constrained\">\n<div class=\"wp-block-columns is-layout-flex wp-container-core-columns-is-layout-9d6595d7 wp-block-columns-is-layout-flex\">\n<div class=\"wp-block-column is-layout-flow wp-block-column-is-layout-flow\" style=\"flex-basis:100%\">\n<div class=\"wp-block-group\"><div class=\"wp-block-group__inner-container is-layout-constrained wp-block-group-is-layout-constrained\">\n<div class=\"wp-block-columns is-layout-flex wp-container-core-columns-is-layout-9d6595d7 wp-block-columns-is-layout-flex\">\n<div class=\"wp-block-column is-layout-flow wp-block-column-is-layout-flow\" style=\"flex-basis:100%\">\n<figure class=\"wp-block-gallery has-nested-images columns-default is-cropped wp-block-gallery-1 is-layout-flex wp-block-gallery-is-layout-flex\">\n<figure class=\"wp-block-image size-large\"><img loading=\"lazy\" decoding=\"async\" width=\"683\" height=\"1024\" data-id=\"302\" src=\"http:\/\/www.blanche-pivoine.com\/wp-content\/uploads\/2024\/03\/pexels-alesia-kozik-6546424-683x1024.jpg\" alt=\"\" class=\"wp-image-302\" srcset=\"http:\/\/www.blanche-pivoine.com\/wp-content\/uploads\/2024\/03\/pexels-alesia-kozik-6546424-683x1024.jpg 683w, http:\/\/www.blanche-pivoine.com\/wp-content\/uploads\/2024\/03\/pexels-alesia-kozik-6546424-200x300.jpg 200w, http:\/\/www.blanche-pivoine.com\/wp-content\/uploads\/2024\/03\/pexels-alesia-kozik-6546424-768x1152.jpg 768w, http:\/\/www.blanche-pivoine.com\/wp-content\/uploads\/2024\/03\/pexels-alesia-kozik-6546424-1024x1536.jpg 1024w, http:\/\/www.blanche-pivoine.com\/wp-content\/uploads\/2024\/03\/pexels-alesia-kozik-6546424-1365x2048.jpg 1365w, http:\/\/www.blanche-pivoine.com\/wp-content\/uploads\/2024\/03\/pexels-alesia-kozik-6546424-40x60.jpg 40w, http:\/\/www.blanche-pivoine.com\/wp-content\/uploads\/2024\/03\/pexels-alesia-kozik-6546424-scaled.jpg 1707w\" sizes=\"auto, (max-width: 683px) 100vw, 683px\" \/><\/figure>\n\n\n\n<figure class=\"wp-block-image size-large\"><img loading=\"lazy\" decoding=\"async\" width=\"683\" height=\"1024\" data-id=\"298\" src=\"http:\/\/www.blanche-pivoine.com\/wp-content\/uploads\/2024\/03\/pexels-engin-akyurt-1441099-683x1024.jpg\" alt=\"\" class=\"wp-image-298\" srcset=\"http:\/\/www.blanche-pivoine.com\/wp-content\/uploads\/2024\/03\/pexels-engin-akyurt-1441099-683x1024.jpg 683w, http:\/\/www.blanche-pivoine.com\/wp-content\/uploads\/2024\/03\/pexels-engin-akyurt-1441099-200x300.jpg 200w, http:\/\/www.blanche-pivoine.com\/wp-content\/uploads\/2024\/03\/pexels-engin-akyurt-1441099-768x1152.jpg 768w, http:\/\/www.blanche-pivoine.com\/wp-content\/uploads\/2024\/03\/pexels-engin-akyurt-1441099-1024x1536.jpg 1024w, http:\/\/www.blanche-pivoine.com\/wp-content\/uploads\/2024\/03\/pexels-engin-akyurt-1441099-1365x2048.jpg 1365w, http:\/\/www.blanche-pivoine.com\/wp-content\/uploads\/2024\/03\/pexels-engin-akyurt-1441099-40x60.jpg 40w, http:\/\/www.blanche-pivoine.com\/wp-content\/uploads\/2024\/03\/pexels-engin-akyurt-1441099-scaled.jpg 1707w\" sizes=\"auto, (max-width: 683px) 100vw, 683px\" \/><\/figure>\n\n\n\n<figure class=\"wp-block-image size-large\"><img loading=\"lazy\" decoding=\"async\" width=\"840\" height=\"1024\" data-id=\"300\" src=\"http:\/\/www.blanche-pivoine.com\/wp-content\/uploads\/2024\/03\/pexels-pixabay-247113-840x1024.jpg\" alt=\"\" class=\"wp-image-300\" srcset=\"http:\/\/www.blanche-pivoine.com\/wp-content\/uploads\/2024\/03\/pexels-pixabay-247113-840x1024.jpg 840w, http:\/\/www.blanche-pivoine.com\/wp-content\/uploads\/2024\/03\/pexels-pixabay-247113-246x300.jpg 246w, http:\/\/www.blanche-pivoine.com\/wp-content\/uploads\/2024\/03\/pexels-pixabay-247113-768x937.jpg 768w, http:\/\/www.blanche-pivoine.com\/wp-content\/uploads\/2024\/03\/pexels-pixabay-247113-1260x1536.jpg 1260w, http:\/\/www.blanche-pivoine.com\/wp-content\/uploads\/2024\/03\/pexels-pixabay-247113-1680x2048.jpg 1680w, http:\/\/www.blanche-pivoine.com\/wp-content\/uploads\/2024\/03\/pexels-pixabay-247113-49x60.jpg 49w\" sizes=\"auto, (max-width: 840px) 100vw, 840px\" \/><\/figure>\n<\/figure>\n<\/div>\n<\/div>\n<\/div><\/div>\n<\/div>\n<\/div>\n<\/div><\/div>\n<\/div><\/div>\n<\/div>\n<\/div>\n<\/div>\n<\/div>\n<\/div>\n<\/div><\/div>\n<\/div>\n<\/div>\n\n\n\n<p>J\u2019ai d\u00e9couvert l\u2019\u00e9nerg\u00e9tique chinoise adolescente. J\u2019adorais \u00e9couter ma praticienne me parler des aliments \u00e0 \u00e9viter et ceux \u00e0 privil\u00e9gier en fonction de mon terrain et de la saison.<\/p>\n\n\n\n<p>C\u2019est un de mes chevaux de bataille aujourd\u2019hui : donner des cl\u00e9s claires et adapt\u00e9es \u00e0 chacun dans l\u2019alimentation.<\/p>\n\n\n\n<p>L\u2019id\u00e9e n\u2019\u00e9tant pas de changer de vie drastiquement du jour au lendemain, je pars du principe que chacun doit \u00eatre inform\u00e9 des effets des aliments que l\u2019on peut manger, de comprendre les m\u00e9canismes, de faire ses exp\u00e9riences et de constater<\/p>\n\n\n\n<p>Je vois des patients revenir au cabinet contents d\u2019avoir r\u00e9gl\u00e9 leur probl\u00e8me de ballonnements, de sommeil ou d\u2019inconforts articulaires en changeant quelques petites habitudes alimentaires*.<\/p>\n\n\n\n<p>Ici encore, nul besoin de changer drastiquement de r\u00e9gime alimentaire mais de prendre conscience, d\u2019exp\u00e9rimenter et de constater.<\/p>\n\n\n\n<p>Je me r\u00e9jouis de vous aider dans cette d\u00e9marche pour retrouver de la vitalit\u00e9 et aider votre corps \u00e0 faire face aux al\u00e9as de la Vie sans inconfort (repas + copieux, \u00e9motions diverses, p\u00e9riodes stressantes).<\/p>\n\n\n\n<p>L\u2019\u00e9nerg\u00e9tique chinoise c\u2019est aussi (et surtout) de la pr\u00e9vention !<\/p>\n\n\n\n<div class=\"wp-block-buttons is-layout-flex wp-block-buttons-is-layout-flex\">\n<div class=\"wp-block-button is-style-outline is-style-outline--2\"><a class=\"wp-block-button__link wp-element-button\" href=\"https:\/\/calendly.com\/blanche-pivoine\/energetique-chinoise-filliere?month=2024-01\" target=\"_blank\" rel=\"noreferrer noopener\">R\u00e9server<\/a><\/div>\n<\/div>\n\n\n\n<p>* <mark style=\"background-color:rgba(0, 0, 0, 0)\" class=\"has-inline-color has-pale-pink-color\">Cette s\u00e9ance ne se substitue pas \u00e0 un rendez vous chez votre m\u00e9decin traitant. Il est important d\u2019\u00e9carter des probl\u00e8mes de sant\u00e9 avec votre m\u00e9decin traitant qui lui seul est apte \u00e0 vous donner une m\u00e9dication et des soins adapt\u00e9s \u00e0 votre pathologie si tant est qu\u2019il y en ait une.<\/mark><\/p>\n\n\n\n<div class=\"wp-block-group\"><div class=\"wp-block-group__inner-container is-layout-constrained wp-block-group-is-layout-constrained\">\n<figure class=\"wp-block-gallery has-nested-images columns-default is-cropped wp-block-gallery-3 is-layout-flex wp-block-gallery-is-layout-flex\">\n<figure class=\"wp-block-image size-large\"><img loading=\"lazy\" decoding=\"async\" width=\"1024\" height=\"608\" data-id=\"306\" src=\"http:\/\/www.blanche-pivoine.com\/wp-content\/uploads\/2024\/03\/pexels-pixabay-531446-2-1024x608.jpg\" alt=\"\" class=\"wp-image-306\" srcset=\"http:\/\/www.blanche-pivoine.com\/wp-content\/uploads\/2024\/03\/pexels-pixabay-531446-2-1024x608.jpg 1024w, http:\/\/www.blanche-pivoine.com\/wp-content\/uploads\/2024\/03\/pexels-pixabay-531446-2-300x178.jpg 300w, http:\/\/www.blanche-pivoine.com\/wp-content\/uploads\/2024\/03\/pexels-pixabay-531446-2-768x456.jpg 768w, http:\/\/www.blanche-pivoine.com\/wp-content\/uploads\/2024\/03\/pexels-pixabay-531446-2-1536x911.jpg 1536w, http:\/\/www.blanche-pivoine.com\/wp-content\/uploads\/2024\/03\/pexels-pixabay-531446-2-2048x1215.jpg 2048w, http:\/\/www.blanche-pivoine.com\/wp-content\/uploads\/2024\/03\/pexels-pixabay-531446-2-101x60.jpg 101w\" sizes=\"auto, (max-width: 1024px) 100vw, 1024px\" \/><\/figure>\n\n\n\n<figure class=\"wp-block-image size-large\"><img loading=\"lazy\" decoding=\"async\" width=\"1024\" height=\"1024\" data-id=\"311\" src=\"http:\/\/www.blanche-pivoine.com\/wp-content\/uploads\/2024\/03\/pexels-pranjall-kumar-7829483-5-1024x1024.jpg\" alt=\"\" class=\"wp-image-311\" srcset=\"http:\/\/www.blanche-pivoine.com\/wp-content\/uploads\/2024\/03\/pexels-pranjall-kumar-7829483-5-1024x1024.jpg 1024w, http:\/\/www.blanche-pivoine.com\/wp-content\/uploads\/2024\/03\/pexels-pranjall-kumar-7829483-5-300x300.jpg 300w, http:\/\/www.blanche-pivoine.com\/wp-content\/uploads\/2024\/03\/pexels-pranjall-kumar-7829483-5-150x150.jpg 150w, http:\/\/www.blanche-pivoine.com\/wp-content\/uploads\/2024\/03\/pexels-pranjall-kumar-7829483-5-768x768.jpg 768w, http:\/\/www.blanche-pivoine.com\/wp-content\/uploads\/2024\/03\/pexels-pranjall-kumar-7829483-5-1536x1536.jpg 1536w, http:\/\/www.blanche-pivoine.com\/wp-content\/uploads\/2024\/03\/pexels-pranjall-kumar-7829483-5-2048x2048.jpg 2048w, http:\/\/www.blanche-pivoine.com\/wp-content\/uploads\/2024\/03\/pexels-pranjall-kumar-7829483-5-60x60.jpg 60w\" sizes=\"auto, (max-width: 1024px) 100vw, 1024px\" \/><\/figure>\n<\/figure>\n<\/div><\/div>\n","protected":false},"excerpt":{"rendered":"<p>J\u2019ai d\u00e9couvert l\u2019\u00e9nerg\u00e9tique chinoise adolescente. J\u2019adorais \u00e9couter ma praticienne me parler des aliments \u00e0 \u00e9viter et ceux \u00e0 privil\u00e9gier en fonction de mon terrain et de la saison. C\u2019est un &hellip; <\/p>\n","protected":false},"author":1,"featured_media":0,"parent":0,"menu_order":0,"comment_status":"closed","ping_status":"closed","template":"","meta":{"footnotes":""},"class_list":["post-20","page","type-page","status-publish","hentry"],"_links":{"self":[{"href":"http:\/\/www.blanche-pivoine.com\/index.php\/wp-json\/wp\/v2\/pages\/20","targetHints":{"allow":["GET"]}}],"collection":[{"href":"http:\/\/www.blanche-pivoine.com\/index.php\/wp-json\/wp\/v2\/pages"}],"about":[{"href":"http:\/\/www.blanche-pivoine.com\/index.php\/wp-json\/wp\/v2\/types\/page"}],"author":[{"embeddable":true,"href":"http:\/\/www.blanche-pivoine.com\/index.php\/wp-json\/wp\/v2\/users\/1"}],"replies":[{"embeddable":true,"href":"http:\/\/www.blanche-pivoine.com\/index.php\/wp-json\/wp\/v2\/comments?post=20"}],"version-history":[{"count":13,"href":"http:\/\/www.blanche-pivoine.com\/index.php\/wp-json\/wp\/v2\/pages\/20\/revisions"}],"predecessor-version":[{"id":318,"href":"http:\/\/www.blanche-pivoine.com\/index.php\/wp-json\/wp\/v2\/pages\/20\/revisions\/318"}],"wp:attachment":[{"href":"http:\/\/www.blanche-pivoine.com\/index.php\/wp-json\/wp\/v2\/media?parent=20"}],"curies":[{"name":"wp","href":"https:\/\/api.w.org\/{rel}","templated":true}]}}