{"id":16,"date":"2024-01-27T11:27:50","date_gmt":"2024-01-27T10:27:50","guid":{"rendered":"http:\/\/www.blanche-pivoine.com\/?page_id=16"},"modified":"2024-03-20T15:26:18","modified_gmt":"2024-03-20T14:26:18","slug":"la-moxibustion","status":"publish","type":"page","link":"http:\/\/www.blanche-pivoine.com\/index.php\/la-moxibustion\/","title":{"rendered":"La Moxibustion"},"content":{"rendered":"\n<figure class=\"wp-block-gallery has-nested-images columns-default is-cropped wp-block-gallery-1 is-layout-flex wp-block-gallery-is-layout-flex\">\n<figure class=\"wp-block-image size-large\"><img loading=\"lazy\" decoding=\"async\" width=\"683\" height=\"1024\" data-id=\"220\" src=\"http:\/\/www.blanche-pivoine.com\/wp-content\/uploads\/2024\/03\/IMG_0568-683x1024.jpg\" alt=\"\" class=\"wp-image-220\" srcset=\"http:\/\/www.blanche-pivoine.com\/wp-content\/uploads\/2024\/03\/IMG_0568-683x1024.jpg 683w, http:\/\/www.blanche-pivoine.com\/wp-content\/uploads\/2024\/03\/IMG_0568-200x300.jpg 200w, http:\/\/www.blanche-pivoine.com\/wp-content\/uploads\/2024\/03\/IMG_0568-768x1152.jpg 768w, http:\/\/www.blanche-pivoine.com\/wp-content\/uploads\/2024\/03\/IMG_0568-1024x1536.jpg 1024w, http:\/\/www.blanche-pivoine.com\/wp-content\/uploads\/2024\/03\/IMG_0568-1365x2048.jpg 1365w, http:\/\/www.blanche-pivoine.com\/wp-content\/uploads\/2024\/03\/IMG_0568-40x60.jpg 40w, http:\/\/www.blanche-pivoine.com\/wp-content\/uploads\/2024\/03\/IMG_0568-scaled.jpg 1707w\" sizes=\"auto, (max-width: 683px) 100vw, 683px\" \/><figcaption class=\"wp-element-caption\">Moxibustion &#8211; Ontake<\/figcaption><\/figure>\n\n\n\n<figure class=\"wp-block-image size-large\"><img loading=\"lazy\" decoding=\"async\" width=\"683\" height=\"1024\" data-id=\"221\" src=\"http:\/\/www.blanche-pivoine.com\/wp-content\/uploads\/2024\/03\/IMG_0594-683x1024.jpg\" alt=\"\" class=\"wp-image-221\" srcset=\"http:\/\/www.blanche-pivoine.com\/wp-content\/uploads\/2024\/03\/IMG_0594-683x1024.jpg 683w, http:\/\/www.blanche-pivoine.com\/wp-content\/uploads\/2024\/03\/IMG_0594-200x300.jpg 200w, http:\/\/www.blanche-pivoine.com\/wp-content\/uploads\/2024\/03\/IMG_0594-768x1152.jpg 768w, http:\/\/www.blanche-pivoine.com\/wp-content\/uploads\/2024\/03\/IMG_0594-1024x1536.jpg 1024w, http:\/\/www.blanche-pivoine.com\/wp-content\/uploads\/2024\/03\/IMG_0594-1365x2048.jpg 1365w, http:\/\/www.blanche-pivoine.com\/wp-content\/uploads\/2024\/03\/IMG_0594-40x60.jpg 40w, http:\/\/www.blanche-pivoine.com\/wp-content\/uploads\/2024\/03\/IMG_0594-scaled.jpg 1707w\" sizes=\"auto, (max-width: 683px) 100vw, 683px\" \/><\/figure>\n\n\n\n<figure class=\"wp-block-image size-large\"><img loading=\"lazy\" decoding=\"async\" width=\"683\" height=\"1024\" data-id=\"222\" src=\"http:\/\/www.blanche-pivoine.com\/wp-content\/uploads\/2024\/03\/Moxa-IMG_0544-683x1024.jpg\" alt=\"\" class=\"wp-image-222\" srcset=\"http:\/\/www.blanche-pivoine.com\/wp-content\/uploads\/2024\/03\/Moxa-IMG_0544-683x1024.jpg 683w, http:\/\/www.blanche-pivoine.com\/wp-content\/uploads\/2024\/03\/Moxa-IMG_0544-200x300.jpg 200w, http:\/\/www.blanche-pivoine.com\/wp-content\/uploads\/2024\/03\/Moxa-IMG_0544-768x1152.jpg 768w, http:\/\/www.blanche-pivoine.com\/wp-content\/uploads\/2024\/03\/Moxa-IMG_0544-1024x1536.jpg 1024w, http:\/\/www.blanche-pivoine.com\/wp-content\/uploads\/2024\/03\/Moxa-IMG_0544-1365x2048.jpg 1365w, http:\/\/www.blanche-pivoine.com\/wp-content\/uploads\/2024\/03\/Moxa-IMG_0544-40x60.jpg 40w, http:\/\/www.blanche-pivoine.com\/wp-content\/uploads\/2024\/03\/Moxa-IMG_0544-scaled.jpg 1707w\" sizes=\"auto, (max-width: 683px) 100vw, 683px\" \/><\/figure>\n\n\n\n<figure class=\"wp-block-image size-large\"><img loading=\"lazy\" decoding=\"async\" width=\"683\" height=\"1024\" data-id=\"223\" src=\"http:\/\/www.blanche-pivoine.com\/wp-content\/uploads\/2024\/03\/Moxa-IMG_0556-683x1024.jpg\" alt=\"\" class=\"wp-image-223\" srcset=\"http:\/\/www.blanche-pivoine.com\/wp-content\/uploads\/2024\/03\/Moxa-IMG_0556-683x1024.jpg 683w, http:\/\/www.blanche-pivoine.com\/wp-content\/uploads\/2024\/03\/Moxa-IMG_0556-200x300.jpg 200w, http:\/\/www.blanche-pivoine.com\/wp-content\/uploads\/2024\/03\/Moxa-IMG_0556-768x1152.jpg 768w, http:\/\/www.blanche-pivoine.com\/wp-content\/uploads\/2024\/03\/Moxa-IMG_0556-1024x1536.jpg 1024w, http:\/\/www.blanche-pivoine.com\/wp-content\/uploads\/2024\/03\/Moxa-IMG_0556-1365x2048.jpg 1365w, http:\/\/www.blanche-pivoine.com\/wp-content\/uploads\/2024\/03\/Moxa-IMG_0556-40x60.jpg 40w, http:\/\/www.blanche-pivoine.com\/wp-content\/uploads\/2024\/03\/Moxa-IMG_0556-scaled.jpg 1707w\" sizes=\"auto, (max-width: 683px) 100vw, 683px\" \/><\/figure>\n\n\n\n<figure class=\"wp-block-image size-large\"><img loading=\"lazy\" decoding=\"async\" width=\"683\" height=\"1024\" data-id=\"224\" src=\"http:\/\/www.blanche-pivoine.com\/wp-content\/uploads\/2024\/03\/Moxa-IMG_0621-683x1024.jpg\" alt=\"\" class=\"wp-image-224\" srcset=\"http:\/\/www.blanche-pivoine.com\/wp-content\/uploads\/2024\/03\/Moxa-IMG_0621-683x1024.jpg 683w, http:\/\/www.blanche-pivoine.com\/wp-content\/uploads\/2024\/03\/Moxa-IMG_0621-200x300.jpg 200w, http:\/\/www.blanche-pivoine.com\/wp-content\/uploads\/2024\/03\/Moxa-IMG_0621-768x1152.jpg 768w, http:\/\/www.blanche-pivoine.com\/wp-content\/uploads\/2024\/03\/Moxa-IMG_0621-1024x1536.jpg 1024w, http:\/\/www.blanche-pivoine.com\/wp-content\/uploads\/2024\/03\/Moxa-IMG_0621-1365x2048.jpg 1365w, http:\/\/www.blanche-pivoine.com\/wp-content\/uploads\/2024\/03\/Moxa-IMG_0621-40x60.jpg 40w, http:\/\/www.blanche-pivoine.com\/wp-content\/uploads\/2024\/03\/Moxa-IMG_0621-scaled.jpg 1707w\" sizes=\"auto, (max-width: 683px) 100vw, 683px\" \/><\/figure>\n\n\n\n<figure class=\"wp-block-image size-large\"><img loading=\"lazy\" decoding=\"async\" width=\"683\" height=\"1024\" data-id=\"225\" src=\"http:\/\/www.blanche-pivoine.com\/wp-content\/uploads\/2024\/03\/Moxa-IMG_0627-683x1024.jpg\" alt=\"\" class=\"wp-image-225\" srcset=\"http:\/\/www.blanche-pivoine.com\/wp-content\/uploads\/2024\/03\/Moxa-IMG_0627-683x1024.jpg 683w, http:\/\/www.blanche-pivoine.com\/wp-content\/uploads\/2024\/03\/Moxa-IMG_0627-200x300.jpg 200w, http:\/\/www.blanche-pivoine.com\/wp-content\/uploads\/2024\/03\/Moxa-IMG_0627-768x1152.jpg 768w, http:\/\/www.blanche-pivoine.com\/wp-content\/uploads\/2024\/03\/Moxa-IMG_0627-1024x1536.jpg 1024w, http:\/\/www.blanche-pivoine.com\/wp-content\/uploads\/2024\/03\/Moxa-IMG_0627-1365x2048.jpg 1365w, http:\/\/www.blanche-pivoine.com\/wp-content\/uploads\/2024\/03\/Moxa-IMG_0627-40x60.jpg 40w, http:\/\/www.blanche-pivoine.com\/wp-content\/uploads\/2024\/03\/Moxa-IMG_0627-scaled.jpg 1707w\" sizes=\"auto, (max-width: 683px) 100vw, 683px\" \/><\/figure>\n<\/figure>\n\n\n\n<p>Cette technique consiste \u00e0 utiliser la chaleur et les propri\u00e9t\u00e9s de la laine d\u2019armoise (s\u00e9ch\u00e9e, filtr\u00e9e, pr\u00e9par\u00e9e) pour r\u00e9tablir la bonne circulation de l\u2019\u00e9nergie dans le corps.<\/p>\n\n\n\n<p>A la diff\u00e9rence de l\u2019acupuncture, avec laquelle on utilise le m\u00e9tal de l\u2019aiguille, ici on utilise le feu. J\u2019utilise la moxibustion au cabinet qui est tr\u00e8s appr\u00e9ci\u00e9e des consultants.<\/p>\n\n\n\n<p>Ayant \u00e9tudi\u00e9 la moxibustion japonaise, j\u2019utilise plusieurs techniques de moxibustion au cabinet :&nbsp;<\/p>\n\n\n\n<p>Moxibustion directe : fabrication de petits grains de riz de moxibustion qui se consument au fur et \u00e0 mesure du soin. C\u2019est plut\u00f4t l\u2019image de la pierre que l\u2019on jette dans la mare pour faire fuir les poissons quand ils sont trop nombreux<\/p>\n\n\n\n<p>Moxibustion indirecte : fabrication de c\u00f4nes d\u2019armoise, avec ou sans support comme le gingembre, l\u2019ail ou le sel, ces c\u00f4nes viennent suppl\u00e9menter votre \u00e9nergie. C\u2019est plut\u00f4t l\u2019image de la main que l\u2019on introduit doucement dans la mare pour faire venir les poissons \u00e0 soi quand il en manque.<\/p>\n\n\n\n<p>Le Ontake : un cylindre de bambou traditionnellement dans lequel l\u2019armoise chauffe et provoque un rel\u00e2chement imm\u00e9diat pendant la s\u00e9ance<\/p>\n\n\n\n<div class=\"wp-block-buttons is-layout-flex wp-block-buttons-is-layout-flex\">\n<div class=\"wp-block-button is-style-outline is-style-outline--2\"><a class=\"wp-block-button__link wp-element-button\" href=\"https:\/\/calendly.com\/blanche-pivoine\/energetique-chinoise-filliere?month=2024-01\">R\u00e9server<\/a><\/div>\n<\/div>\n","protected":false},"excerpt":{"rendered":"<p>Cette technique consiste \u00e0 utiliser la chaleur et les propri\u00e9t\u00e9s de la laine d\u2019armoise (s\u00e9ch\u00e9e, filtr\u00e9e, pr\u00e9par\u00e9e) pour r\u00e9tablir la bonne circulation de l\u2019\u00e9nergie dans le corps. A la diff\u00e9rence &hellip; <\/p>\n","protected":false},"author":1,"featured_media":0,"parent":0,"menu_order":0,"comment_status":"closed","ping_status":"closed","template":"","meta":{"footnotes":""},"class_list":["post-16","page","type-page","status-publish","hentry"],"_links":{"self":[{"href":"http:\/\/www.blanche-pivoine.com\/index.php\/wp-json\/wp\/v2\/pages\/16","targetHints":{"allow":["GET"]}}],"collection":[{"href":"http:\/\/www.blanche-pivoine.com\/index.php\/wp-json\/wp\/v2\/pages"}],"about":[{"href":"http:\/\/www.blanche-pivoine.com\/index.php\/wp-json\/wp\/v2\/types\/page"}],"author":[{"embeddable":true,"href":"http:\/\/www.blanche-pivoine.com\/index.php\/wp-json\/wp\/v2\/users\/1"}],"replies":[{"embeddable":true,"href":"http:\/\/www.blanche-pivoine.com\/index.php\/wp-json\/wp\/v2\/comments?post=16"}],"version-history":[{"count":5,"href":"http:\/\/www.blanche-pivoine.com\/index.php\/wp-json\/wp\/v2\/pages\/16\/revisions"}],"predecessor-version":[{"id":284,"href":"http:\/\/www.blanche-pivoine.com\/index.php\/wp-json\/wp\/v2\/pages\/16\/revisions\/284"}],"wp:attachment":[{"href":"http:\/\/www.blanche-pivoine.com\/index.php\/wp-json\/wp\/v2\/media?parent=16"}],"curies":[{"name":"wp","href":"https:\/\/api.w.org\/{rel}","templated":true}]}}