{"id":12,"date":"2024-01-27T11:28:01","date_gmt":"2024-01-27T10:28:01","guid":{"rendered":"http:\/\/www.blanche-pivoine.com\/?page_id=12"},"modified":"2024-03-21T09:44:31","modified_gmt":"2024-03-21T08:44:31","slug":"le-massage-tuina","status":"publish","type":"page","link":"http:\/\/www.blanche-pivoine.com\/index.php\/le-massage-tuina\/","title":{"rendered":"Le Massage Tuina"},"content":{"rendered":"\n<figure class=\"wp-block-gallery has-nested-images columns-default is-cropped wp-block-gallery-1 is-layout-flex wp-block-gallery-is-layout-flex\">\n<figure class=\"wp-block-image size-large\"><img loading=\"lazy\" decoding=\"async\" width=\"1024\" height=\"683\" data-id=\"219\" src=\"http:\/\/www.blanche-pivoine.com\/wp-content\/uploads\/2024\/03\/Tuina-IMG_0500-1024x683.jpg\" alt=\"\" class=\"wp-image-219\" srcset=\"http:\/\/www.blanche-pivoine.com\/wp-content\/uploads\/2024\/03\/Tuina-IMG_0500-1024x683.jpg 1024w, http:\/\/www.blanche-pivoine.com\/wp-content\/uploads\/2024\/03\/Tuina-IMG_0500-300x200.jpg 300w, http:\/\/www.blanche-pivoine.com\/wp-content\/uploads\/2024\/03\/Tuina-IMG_0500-768x512.jpg 768w, http:\/\/www.blanche-pivoine.com\/wp-content\/uploads\/2024\/03\/Tuina-IMG_0500-1536x1024.jpg 1536w, http:\/\/www.blanche-pivoine.com\/wp-content\/uploads\/2024\/03\/Tuina-IMG_0500-2048x1365.jpg 2048w, http:\/\/www.blanche-pivoine.com\/wp-content\/uploads\/2024\/03\/Tuina-IMG_0500-90x60.jpg 90w, http:\/\/www.blanche-pivoine.com\/wp-content\/uploads\/2024\/03\/Tuina-IMG_0500-370x247.jpg 370w, http:\/\/www.blanche-pivoine.com\/wp-content\/uploads\/2024\/03\/Tuina-IMG_0500-776x517.jpg 776w\" sizes=\"auto, (max-width: 1024px) 100vw, 1024px\" \/><\/figure>\n<\/figure>\n\n\n\n<div class=\"wp-block-group is-nowrap is-layout-flex wp-container-core-group-is-layout-ad2f72ca wp-block-group-is-layout-flex\">\n<figure class=\"wp-block-image size-large\"><img loading=\"lazy\" decoding=\"async\" width=\"683\" height=\"1024\" src=\"http:\/\/www.blanche-pivoine.com\/wp-content\/uploads\/2024\/03\/Tuina-IMG_0487-683x1024.jpg\" alt=\"\" class=\"wp-image-218\" srcset=\"http:\/\/www.blanche-pivoine.com\/wp-content\/uploads\/2024\/03\/Tuina-IMG_0487-683x1024.jpg 683w, http:\/\/www.blanche-pivoine.com\/wp-content\/uploads\/2024\/03\/Tuina-IMG_0487-200x300.jpg 200w, http:\/\/www.blanche-pivoine.com\/wp-content\/uploads\/2024\/03\/Tuina-IMG_0487-768x1152.jpg 768w, http:\/\/www.blanche-pivoine.com\/wp-content\/uploads\/2024\/03\/Tuina-IMG_0487-1024x1536.jpg 1024w, http:\/\/www.blanche-pivoine.com\/wp-content\/uploads\/2024\/03\/Tuina-IMG_0487-1365x2048.jpg 1365w, http:\/\/www.blanche-pivoine.com\/wp-content\/uploads\/2024\/03\/Tuina-IMG_0487-40x60.jpg 40w, http:\/\/www.blanche-pivoine.com\/wp-content\/uploads\/2024\/03\/Tuina-IMG_0487-scaled.jpg 1707w\" sizes=\"auto, (max-width: 683px) 100vw, 683px\" \/><\/figure>\n\n\n\n<figure class=\"wp-block-image size-large\"><img loading=\"lazy\" decoding=\"async\" width=\"683\" height=\"1024\" src=\"http:\/\/www.blanche-pivoine.com\/wp-content\/uploads\/2024\/03\/Tuina-IMG_0463-683x1024.jpg\" alt=\"\" class=\"wp-image-217\" srcset=\"http:\/\/www.blanche-pivoine.com\/wp-content\/uploads\/2024\/03\/Tuina-IMG_0463-683x1024.jpg 683w, http:\/\/www.blanche-pivoine.com\/wp-content\/uploads\/2024\/03\/Tuina-IMG_0463-200x300.jpg 200w, http:\/\/www.blanche-pivoine.com\/wp-content\/uploads\/2024\/03\/Tuina-IMG_0463-768x1152.jpg 768w, http:\/\/www.blanche-pivoine.com\/wp-content\/uploads\/2024\/03\/Tuina-IMG_0463-1024x1536.jpg 1024w, http:\/\/www.blanche-pivoine.com\/wp-content\/uploads\/2024\/03\/Tuina-IMG_0463-1365x2048.jpg 1365w, http:\/\/www.blanche-pivoine.com\/wp-content\/uploads\/2024\/03\/Tuina-IMG_0463-40x60.jpg 40w, http:\/\/www.blanche-pivoine.com\/wp-content\/uploads\/2024\/03\/Tuina-IMG_0463-scaled.jpg 1707w\" sizes=\"auto, (max-width: 683px) 100vw, 683px\" \/><\/figure>\n\n\n\n<figure class=\"wp-block-image size-large\"><img loading=\"lazy\" decoding=\"async\" width=\"683\" height=\"1024\" src=\"http:\/\/www.blanche-pivoine.com\/wp-content\/uploads\/2024\/03\/Tuina-IMG_0364-683x1024.jpg\" alt=\"\" class=\"wp-image-216\" srcset=\"http:\/\/www.blanche-pivoine.com\/wp-content\/uploads\/2024\/03\/Tuina-IMG_0364-683x1024.jpg 683w, http:\/\/www.blanche-pivoine.com\/wp-content\/uploads\/2024\/03\/Tuina-IMG_0364-200x300.jpg 200w, http:\/\/www.blanche-pivoine.com\/wp-content\/uploads\/2024\/03\/Tuina-IMG_0364-768x1152.jpg 768w, http:\/\/www.blanche-pivoine.com\/wp-content\/uploads\/2024\/03\/Tuina-IMG_0364-1024x1536.jpg 1024w, http:\/\/www.blanche-pivoine.com\/wp-content\/uploads\/2024\/03\/Tuina-IMG_0364-1365x2048.jpg 1365w, http:\/\/www.blanche-pivoine.com\/wp-content\/uploads\/2024\/03\/Tuina-IMG_0364-40x60.jpg 40w, http:\/\/www.blanche-pivoine.com\/wp-content\/uploads\/2024\/03\/Tuina-IMG_0364-scaled.jpg 1707w\" sizes=\"auto, (max-width: 683px) 100vw, 683px\" \/><\/figure>\n\n\n\n<figure class=\"wp-block-image size-large\"><img loading=\"lazy\" decoding=\"async\" width=\"683\" height=\"1024\" src=\"http:\/\/www.blanche-pivoine.com\/wp-content\/uploads\/2024\/03\/Tuina-IMG_0337-683x1024.jpg\" alt=\"\" class=\"wp-image-215\" srcset=\"http:\/\/www.blanche-pivoine.com\/wp-content\/uploads\/2024\/03\/Tuina-IMG_0337-683x1024.jpg 683w, http:\/\/www.blanche-pivoine.com\/wp-content\/uploads\/2024\/03\/Tuina-IMG_0337-200x300.jpg 200w, http:\/\/www.blanche-pivoine.com\/wp-content\/uploads\/2024\/03\/Tuina-IMG_0337-768x1152.jpg 768w, http:\/\/www.blanche-pivoine.com\/wp-content\/uploads\/2024\/03\/Tuina-IMG_0337-1024x1536.jpg 1024w, http:\/\/www.blanche-pivoine.com\/wp-content\/uploads\/2024\/03\/Tuina-IMG_0337-1365x2048.jpg 1365w, http:\/\/www.blanche-pivoine.com\/wp-content\/uploads\/2024\/03\/Tuina-IMG_0337-40x60.jpg 40w, http:\/\/www.blanche-pivoine.com\/wp-content\/uploads\/2024\/03\/Tuina-IMG_0337-scaled.jpg 1707w\" sizes=\"auto, (max-width: 683px) 100vw, 683px\" \/><\/figure>\n\n\n\n<figure class=\"wp-block-image size-large\"><img loading=\"lazy\" decoding=\"async\" width=\"1024\" height=\"683\" src=\"http:\/\/www.blanche-pivoine.com\/wp-content\/uploads\/2024\/03\/IMG_0395-1024x683.jpg\" alt=\"\" class=\"wp-image-214\" srcset=\"http:\/\/www.blanche-pivoine.com\/wp-content\/uploads\/2024\/03\/IMG_0395-1024x683.jpg 1024w, http:\/\/www.blanche-pivoine.com\/wp-content\/uploads\/2024\/03\/IMG_0395-300x200.jpg 300w, http:\/\/www.blanche-pivoine.com\/wp-content\/uploads\/2024\/03\/IMG_0395-768x512.jpg 768w, http:\/\/www.blanche-pivoine.com\/wp-content\/uploads\/2024\/03\/IMG_0395-1536x1024.jpg 1536w, http:\/\/www.blanche-pivoine.com\/wp-content\/uploads\/2024\/03\/IMG_0395-2048x1365.jpg 2048w, http:\/\/www.blanche-pivoine.com\/wp-content\/uploads\/2024\/03\/IMG_0395-90x60.jpg 90w, http:\/\/www.blanche-pivoine.com\/wp-content\/uploads\/2024\/03\/IMG_0395-370x247.jpg 370w, http:\/\/www.blanche-pivoine.com\/wp-content\/uploads\/2024\/03\/IMG_0395-776x517.jpg 776w\" sizes=\"auto, (max-width: 1024px) 100vw, 1024px\" \/><\/figure>\n<\/div>\n\n\n\n<p>Le Massage Tuina est un massage appuy\u00e9.<\/p>\n\n\n\n<p>L\u2019id\u00e9e d\u2019un massage Tuina est dans la continuit\u00e9 du bilan \u00e9nerg\u00e9tique, de trouver les points de d\u00e9s\u00e9quilibres du corps, comme une lecture au niveau de la peau de vos d\u00e9s\u00e9quilibres int\u00e9rieurs.<\/p>\n\n\n\n<p>Une fois les d\u00e9s\u00e9quilibres identifi\u00e9s, le massage permettra de tonifier les vides et de disperser les pl\u00e9nitudes.<\/p>\n\n\n\n<p>Imaginez votre corps parcourus de cours d\u2019eau (m\u00e9ridiens), votre corps et votre esprit sont malmen\u00e9s au quotidien par un rythme soutenu, des repas pris rapidement, des \u00e9motions ou une r\u00e9flexion excessives cr\u00e9ant au passage des barrages sur les cours d\u2019eau, des r\u00e9tr\u00e9cissement du lit de vos rivi\u00e8res ou encore des \u00e9largissements que la terre n\u2019arrive plus \u00e0 contenir. La circulation ne se fait donc plus correctement.<\/p>\n\n\n\n<p>L\u2019aval comme l\u2019amont de vos rivi\u00e8res s\u2019en trouvent affect\u00e9s.<\/p>\n\n\n\n<p>Le massage Tuina vient casser les barrages, r\u00e9tablir le bon cours de l\u2019eau.<\/p>\n\n\n\n<p>Pour cela, diff\u00e9rentes techniques sont utilis\u00e9es : des mouvements oscillants, de pression, frottants pour \u00e9chauffer par exemple\u2026&nbsp;<\/p>\n\n\n\n<p>C\u2019est ce qu\u2019on peut appeler famili\u00e8rement l\u2019acupression.<\/p>\n\n\n\n<p>Pour maximiser l\u2019effet du massage Tuina, il est possible que j\u2019utilise le guasha ou encore la moxibustion.<\/p>\n\n\n\n<div class=\"wp-block-buttons is-layout-flex wp-block-buttons-is-layout-flex\">\n<div class=\"wp-block-button is-style-outline is-style-outline--2\"><a class=\"wp-block-button__link wp-element-button\">R\u00e9server<\/a><\/div>\n<\/div>\n","protected":false},"excerpt":{"rendered":"<p>Le Massage Tuina est un massage appuy\u00e9. L\u2019id\u00e9e d\u2019un massage Tuina est dans la continuit\u00e9 du bilan \u00e9nerg\u00e9tique, de trouver les points de d\u00e9s\u00e9quilibres du corps, comme une lecture au &hellip; <\/p>\n","protected":false},"author":1,"featured_media":0,"parent":0,"menu_order":0,"comment_status":"closed","ping_status":"closed","template":"","meta":{"footnotes":""},"class_list":["post-12","page","type-page","status-publish","hentry"],"_links":{"self":[{"href":"http:\/\/www.blanche-pivoine.com\/index.php\/wp-json\/wp\/v2\/pages\/12","targetHints":{"allow":["GET"]}}],"collection":[{"href":"http:\/\/www.blanche-pivoine.com\/index.php\/wp-json\/wp\/v2\/pages"}],"about":[{"href":"http:\/\/www.blanche-pivoine.com\/index.php\/wp-json\/wp\/v2\/types\/page"}],"author":[{"embeddable":true,"href":"http:\/\/www.blanche-pivoine.com\/index.php\/wp-json\/wp\/v2\/users\/1"}],"replies":[{"embeddable":true,"href":"http:\/\/www.blanche-pivoine.com\/index.php\/wp-json\/wp\/v2\/comments?post=12"}],"version-history":[{"count":8,"href":"http:\/\/www.blanche-pivoine.com\/index.php\/wp-json\/wp\/v2\/pages\/12\/revisions"}],"predecessor-version":[{"id":291,"href":"http:\/\/www.blanche-pivoine.com\/index.php\/wp-json\/wp\/v2\/pages\/12\/revisions\/291"}],"wp:attachment":[{"href":"http:\/\/www.blanche-pivoine.com\/index.php\/wp-json\/wp\/v2\/media?parent=12"}],"curies":[{"name":"wp","href":"https:\/\/api.w.org\/{rel}","templated":true}]}}